{"id":1437,"date":"2013-09-06T15:19:20","date_gmt":"2013-09-06T15:19:20","guid":{"rendered":"http:\/\/impreza.us-themes.net\/pages\/contact-2\/"},"modified":"2020-09-16T05:54:48","modified_gmt":"2020-09-16T03:54:48","slug":"contact-2","status":"publish","type":"page","link":"https:\/\/lucy-michel.de\/?page_id=1437","title":{"rendered":"Kontakt"},"content":{"rendered":"<section class=\"l-section wpb_row height_medium color_primary with_img parallax_ver with_overlay\"><div class=\"l-section-img\" style=\"background-image: url(https:\/\/lucy-michel.de\/wp-content\/uploads\/2013\/12\/bg.jpg);background-size: contain;\" data-img-width=\"2048\" data-img-height=\"1365\"><\/div><div class=\"l-section-overlay\" style=\"background-color: rgba(0,0,0,0.55)\"><\/div><div class=\"l-section-h i-cf\"><div class=\"g-cols offset_small\"><div class=\"vc_col-sm-12 wpb_column\"><div class=\"vc_column-inner\"><div class=\"wpb_text_column \"><div class=\"wpb_wrapper\">\n<h1 style=\"text-align: center;\">Noch\u00a0Fragen ?<\/h1>\n<h6 style=\"text-align: center;\">Gern stehe ich euch f\u00fcr weitere Informationen zur verf\u00fcgung<\/h6>\n<\/div> <\/div> <div class=\"w-iconbox iconpos_top size_tiny style_default color_custom align_center\"><div class=\"w-iconbox-icon\" style=\"color: #ffffff;\"><i class=\"fa fa-arrow-down\"><\/i><\/div><div class=\"w-iconbox-text\">\n<\/div><\/div><\/div><\/div><\/div><\/div><\/section><section class=\"l-section wpb_row height_medium\"><div class=\"l-section-h i-cf\"><div class=\"g-cols offset_small\"><div class=\"vc_col-sm-6 wpb_column\"><div class=\"vc_column-inner\"><div class=\"wpb_text_column \"><div class=\"wpb_wrapper\">\n<h4>Kontakt<\/h4>\n<p>Lucy Michel Racing wird vertreten durch ArtDical Werbung<\/div> <\/div> <div class=\"w-contacts\"><div class=\"w-contacts-list\"><div class=\"w-contacts-item for_email\"><span class=\"w-contacts-item-value\"><a href=\"mailto:info@artdical.de\">info@artdical.de<\/a><\/span><\/div><\/div><\/div><div class=\"w-separator type_invisible size_medium thick_1 style_solid color_border cont_none\"><span class=\"w-separator-h\"><\/span><\/div><\/div><\/div><div class=\"vc_col-sm-6 wpb_column\"><div class=\"vc_column-inner\"><div class=\"w-form for_cform align_left\" id=\"us_form_1\">\r\n\t<form class=\"w-form-h\" autocomplete=\"off\" action=\"https:\/\/lucy-michel.de\/index.php?rest_route=%2Fwp%2Fv2%2Fpages%2F1437\" method=\"post\">\r\n\t\t\t\t\t\t\t<div class=\"w-form-row for_name required\">\r\n\t<div class=\"w-form-row-label\">\r\n\t\t<label for=\"us_form_1_name\"><\/label>\r\n\t<\/div>\r\n\t<div class=\"w-form-row-field\">\r\n\t\t\t\t<input type=\"text\" name=\"name\" id=\"us_form_1_name\" value=\"\"\r\n\t\t       placeholder=\"Name *\" data-required=\"true\" aria-required=\"true\"\/>\r\n\t\t<span class=\"w-form-row-field-bar\"><\/span>\r\n\t\t\t<\/div>\r\n\t<div class=\"w-form-row-state\"><\/div>\r\n\t<\/div>\r\n\t\t\t\t\t<div class=\"w-form-row for_email required\">\r\n\t<div class=\"w-form-row-label\">\r\n\t\t<label for=\"us_form_1_email\"><\/label>\r\n\t<\/div>\r\n\t<div class=\"w-form-row-field\">\r\n\t\t\t\t<input type=\"email\" name=\"email\" id=\"us_form_1_email\" value=\"\"\r\n\t\t       placeholder=\"E-Mail Adresse *\" data-required=\"true\" aria-required=\"true\"\/>\r\n\t\t<span class=\"w-form-row-field-bar\"><\/span>\r\n\t\t\t<\/div>\r\n\t<div class=\"w-form-row-state\"><\/div>\r\n\t<\/div>\r\n\t\t\t\t\t<div class=\"w-form-row for_phone\">\r\n\t<div class=\"w-form-row-label\">\r\n\t\t<label for=\"us_form_1_phone\"><\/label>\r\n\t<\/div>\r\n\t<div class=\"w-form-row-field\">\r\n\t\t\t\t<input type=\"text\" name=\"phone\" id=\"us_form_1_phone\" value=\"\"\r\n\t\t       placeholder=\"Telefonnummer\"\/>\r\n\t\t<span class=\"w-form-row-field-bar\"><\/span>\r\n\t\t\t<\/div>\r\n\t<div class=\"w-form-row-state\"><\/div>\r\n\t<\/div>\r\n\t\t\t\t\t<div class=\"w-form-row for_message required\">\r\n\t<div class=\"w-form-row-label\">\r\n\t\t<label for=\"us_form_1_message\"><\/label>\r\n\t<\/div>\r\n\t<div class=\"w-form-row-field\">\r\n\t\t\t\t<textarea name=\"message\" id=\"us_form_1_message\" cols=\"30\" rows=\"10\" placeholder=\"Nachricht *\"\r\n\t\t\t data-required=\"true\" aria-required=\"true\"><\/textarea>\r\n\t\t<span class=\"w-form-row-field-bar\"><\/span>\r\n\t\t\t<\/div>\r\n\t<div class=\"w-form-row-state\"><\/div>\r\n\t<\/div>\r\n\t\t\t\t\t<div class=\"w-form-row for_captcha required\">\r\n\t<div class=\"w-form-row-label\">\r\n\t\t<label for=\"us_form_1_captcha\">Bitte l\u00f6sen Sie folgende Rechnung: <span>21 - 4 = ?<\/span><\/label>\r\n\t<\/div>\r\n\t<div class=\"w-form-row-field\">\r\n\t\t\t\t<input type=\"hidden\" name=\"captcha_hash\" value=\"0cab6a39bcb5004766f53289e8ac867c\"\/>\r\n\t\t<input type=\"text\" name=\"captcha\" id=\"us_form_1_captcha\" value=\"\"\r\n\t\t       data-required=\"1\" placeholder=\"\" aria-required=\"true\" \/>\r\n\t\t<span class=\"w-form-row-field-bar\"><\/span>\r\n\t\t\t<\/div>\r\n\t<div class=\"w-form-row-state\"><\/div>\r\n\t<\/div>\r\n\t\t\t\t\t<input type=\"hidden\" name=\"action\" value=\"us_ajax_cform\"\/>\r\n\t\t\t\t\t<input type=\"hidden\" name=\"post_id\" value=\"1437\"\/>\r\n\t\t\t\t\t<input type=\"hidden\" name=\"form_index\" value=\"1\"\/>\r\n\t\t\t\t\t<div class=\"w-form-row for_submit\">\r\n\t<div class=\"w-form-row-field\">\r\n\t\t<button class=\"w-btn size_ color_primary style_outlined\" type=\"submit\"><span class=\"g-preloader type_1\"><\/span><span class=\"w-btn-label\">Nachricht senden<\/span><\/button>\r\n\t<\/div>\r\n<\/div>\r\n\t\t\t\t<div class=\"w-form-message\"><\/div>\r\n\t\t\t<\/form>\r\n\t\t\t<div class=\"w-form-json hidden\" onclick='return {&quot;ajaxurl&quot;:&quot;https:\\\/\\\/lucy-michel.de\\\/wp-admin\\\/admin-ajax.php&quot;,&quot;success&quot;:&quot;Danke! Ihre Nachricht wurde versendet.&quot;,&quot;errors&quot;:{&quot;name&quot;:&quot;Bitte geben Sie Ihren Namen ein.&quot;,&quot;email&quot;:&quot;Bitte geben Sie eine E-Mail-Adresse ein&quot;,&quot;phone&quot;:&quot;Bitte geben Sie eine Telefonnummer ein.&quot;,&quot;message&quot;:&quot;Bitte geben Sie eine Nachricht ein.&quot;,&quot;captcha&quot;:&quot;Bitte geben Sie das Ergebnis ein&quot;}}'><\/div>\r\n\t<\/div>\r\n<\/div><\/div><\/div><\/div><\/section>\n","protected":false},"excerpt":{"rendered":"Noch\u00a0Fragen ? Gern stehe ich euch f\u00fcr weitere Informationen zur verf\u00fcgung Kontakt Lucy Michel Racing wird vertreten durch ArtDical Werbung info@artdical.de Bitte l\u00f6sen Sie folgende Rechnung: 25 + 6 =...","protected":false},"author":1,"featured_media":0,"parent":0,"menu_order":0,"comment_status":"closed","ping_status":"closed","template":"","meta":{"footnotes":""},"class_list":["post-1437","page","type-page","status-publish","hentry"],"yoast_head":"<!-- This site is optimized with the Yoast SEO plugin v25.7 - https:\/\/yoast.com\/wordpress\/plugins\/seo\/ -->\n<title>Kontakt - Lucy Michel Racing<\/title>\n<meta name=\"description\" content=\"[vc_row color_scheme=&quot;primary&quot; us_bg_image=&quot;5173&quot; us_bg_size=&quot;contain&quot; us_bg_parallax=&quot;vertical&quot; us_bg_overlay_color=&quot;rgba(0,0,0,0.55)&quot;][vc_column][vc_column_text] Noch\u00a0Fragen ? Gern stehe ich euch f\u00fcr weitere Informationen zur verf\u00fcgung [\/vc_column_text][us_iconbox icon=&quot;arrow-down&quot; color=&quot;custom&quot; icon_color=&quot;#ffffff&quot; bg_color=&quot;&quot; size=&quot;tiny&quot; el_class=&quot;align_center&quot;] [\/us_iconbox][\/vc_column][\/vc_row][vc_row][vc_column width=&quot;1\/2&quot;][vc_column_text] Kontakt Lucy Michel Racing&hellip;\" \/>\n<meta name=\"robots\" content=\"index, follow, max-snippet:-1, max-image-preview:large, max-video-preview:-1\" \/>\n<link rel=\"canonical\" href=\"https:\/\/lucy-michel.de\/?page_id=1437\" \/>\n<meta property=\"og:locale\" content=\"de_DE\" \/>\n<meta property=\"og:type\" content=\"article\" \/>\n<meta property=\"og:title\" content=\"Kontakt - Lucy Michel Racing\" \/>\n<meta property=\"og:url\" content=\"https:\/\/lucy-michel.de\/?page_id=1437\" \/>\n<meta property=\"og:site_name\" content=\"Lucy Michel Racing\" \/>\n<meta property=\"article:modified_time\" content=\"2020-09-16T03:54:48+00:00\" \/>\n<meta name=\"twitter:card\" content=\"summary_large_image\" \/>\n<meta name=\"twitter:label1\" content=\"Gesch\u00e4tzte Lesezeit\" \/>\n\t<meta name=\"twitter:data1\" content=\"1\u00a0Minute\" \/>\n<script type=\"application\/ld+json\" class=\"yoast-schema-graph\">{\"@context\":\"https:\/\/schema.org\",\"@graph\":[{\"@type\":\"WebPage\",\"@id\":\"https:\/\/lucy-michel.de\/?page_id=1437\",\"url\":\"https:\/\/lucy-michel.de\/?page_id=1437\",\"name\":\"Kontakt - Lucy Michel Racing\",\"isPartOf\":{\"@id\":\"https:\/\/lucy-michel.de\/#website\"},\"datePublished\":\"2013-09-06T15:19:20+00:00\",\"dateModified\":\"2020-09-16T03:54:48+00:00\",\"breadcrumb\":{\"@id\":\"https:\/\/lucy-michel.de\/?page_id=1437#breadcrumb\"},\"inLanguage\":\"de\",\"potentialAction\":[{\"@type\":\"ReadAction\",\"target\":[\"https:\/\/lucy-michel.de\/?page_id=1437\"]}]},{\"@type\":\"BreadcrumbList\",\"@id\":\"https:\/\/lucy-michel.de\/?page_id=1437#breadcrumb\",\"itemListElement\":[{\"@type\":\"ListItem\",\"position\":1,\"name\":\"Home\",\"item\":\"https:\/\/lucy-michel.de\/\"},{\"@type\":\"ListItem\",\"position\":2,\"name\":\"Kontakt\"}]},{\"@type\":\"WebSite\",\"@id\":\"https:\/\/lucy-michel.de\/#website\",\"url\":\"https:\/\/lucy-michel.de\/\",\"name\":\"Lucy Michel Racing\",\"description\":\"IDM Supersport 300\",\"potentialAction\":[{\"@type\":\"SearchAction\",\"target\":{\"@type\":\"EntryPoint\",\"urlTemplate\":\"https:\/\/lucy-michel.de\/?s={search_term_string}\"},\"query-input\":{\"@type\":\"PropertyValueSpecification\",\"valueRequired\":true,\"valueName\":\"search_term_string\"}}],\"inLanguage\":\"de\"}]}<\/script>\n<!-- \/ Yoast SEO plugin. -->","yoast_head_json":{"title":"Kontakt - Lucy Michel Racing","description":"[vc_row color_scheme=\"primary\" us_bg_image=\"5173\" us_bg_size=\"contain\" us_bg_parallax=\"vertical\" us_bg_overlay_color=\"rgba(0,0,0,0.55)\"][vc_column][vc_column_text] Noch\u00a0Fragen ? Gern stehe ich euch f\u00fcr weitere Informationen zur verf\u00fcgung [\/vc_column_text][us_iconbox icon=\"arrow-down\" color=\"custom\" icon_color=\"#ffffff\" bg_color=\"\" size=\"tiny\" el_class=\"align_center\"] [\/us_iconbox][\/vc_column][\/vc_row][vc_row][vc_column width=\"1\/2\"][vc_column_text] Kontakt Lucy Michel Racing&hellip;","robots":{"index":"index","follow":"follow","max-snippet":"max-snippet:-1","max-image-preview":"max-image-preview:large","max-video-preview":"max-video-preview:-1"},"canonical":"https:\/\/lucy-michel.de\/?page_id=1437","og_locale":"de_DE","og_type":"article","og_title":"Kontakt - Lucy Michel Racing","og_url":"https:\/\/lucy-michel.de\/?page_id=1437","og_site_name":"Lucy Michel Racing","article_modified_time":"2020-09-16T03:54:48+00:00","twitter_card":"summary_large_image","twitter_misc":{"Gesch\u00e4tzte Lesezeit":"1\u00a0Minute"},"schema":{"@context":"https:\/\/schema.org","@graph":[{"@type":"WebPage","@id":"https:\/\/lucy-michel.de\/?page_id=1437","url":"https:\/\/lucy-michel.de\/?page_id=1437","name":"Kontakt - Lucy Michel Racing","isPartOf":{"@id":"https:\/\/lucy-michel.de\/#website"},"datePublished":"2013-09-06T15:19:20+00:00","dateModified":"2020-09-16T03:54:48+00:00","breadcrumb":{"@id":"https:\/\/lucy-michel.de\/?page_id=1437#breadcrumb"},"inLanguage":"de","potentialAction":[{"@type":"ReadAction","target":["https:\/\/lucy-michel.de\/?page_id=1437"]}]},{"@type":"BreadcrumbList","@id":"https:\/\/lucy-michel.de\/?page_id=1437#breadcrumb","itemListElement":[{"@type":"ListItem","position":1,"name":"Home","item":"https:\/\/lucy-michel.de\/"},{"@type":"ListItem","position":2,"name":"Kontakt"}]},{"@type":"WebSite","@id":"https:\/\/lucy-michel.de\/#website","url":"https:\/\/lucy-michel.de\/","name":"Lucy Michel Racing","description":"IDM Supersport 300","potentialAction":[{"@type":"SearchAction","target":{"@type":"EntryPoint","urlTemplate":"https:\/\/lucy-michel.de\/?s={search_term_string}"},"query-input":{"@type":"PropertyValueSpecification","valueRequired":true,"valueName":"search_term_string"}}],"inLanguage":"de"}]}},"_links":{"self":[{"href":"https:\/\/lucy-michel.de\/index.php?rest_route=\/wp\/v2\/pages\/1437","targetHints":{"allow":["GET"]}}],"collection":[{"href":"https:\/\/lucy-michel.de\/index.php?rest_route=\/wp\/v2\/pages"}],"about":[{"href":"https:\/\/lucy-michel.de\/index.php?rest_route=\/wp\/v2\/types\/page"}],"author":[{"embeddable":true,"href":"https:\/\/lucy-michel.de\/index.php?rest_route=\/wp\/v2\/users\/1"}],"replies":[{"embeddable":true,"href":"https:\/\/lucy-michel.de\/index.php?rest_route=%2Fwp%2Fv2%2Fcomments&post=1437"}],"version-history":[{"count":7,"href":"https:\/\/lucy-michel.de\/index.php?rest_route=\/wp\/v2\/pages\/1437\/revisions"}],"predecessor-version":[{"id":5344,"href":"https:\/\/lucy-michel.de\/index.php?rest_route=\/wp\/v2\/pages\/1437\/revisions\/5344"}],"wp:attachment":[{"href":"https:\/\/lucy-michel.de\/index.php?rest_route=%2Fwp%2Fv2%2Fmedia&parent=1437"}],"curies":[{"name":"wp","href":"https:\/\/api.w.org\/{rel}","templated":true}]}}